{"id":1686,"date":"2026-04-23T06:42:24","date_gmt":"2026-04-23T06:42:24","guid":{"rendered":"https:\/\/jinweimach.com\/?post_type=product&#038;p=1686"},"modified":"2026-04-23T06:59:23","modified_gmt":"2026-04-23T06:59:23","slug":"2023-caterpillar-374-excavator-cat-374-hydraulic-excavator-for-sale","status":"publish","type":"product","link":"https:\/\/jinweimach.com\/fr\/produit\/2023-caterpillar-374-excavator-cat-374-hydraulic-excavator-for-sale\/","title":{"rendered":"2023 Caterpillar 374 Excavator | Cat 374 Hydraulic Excavator for Sale"},"content":{"rendered":"<p>2023 Caterpillar 374 excavator: heavy-duty, fuel-efficient Cat 374 hydraulic excavator for quarrying &amp; construction. High performance, ready for work, competitive price.<\/p>","protected":false},"excerpt":{"rendered":"<p>2023 Pelle Caterpillar 374 Cette pelle Caterpillar 374 2023 est une machine hydraulique \u00e0 usage intensif con\u00e7ue pour les projets de construction, d'exploitation de carri\u00e8res et d'exploitation mini\u00e8re \u00e0 grande \u00e9chelle. La Cat 374 est propuls\u00e9e par un moteur Cat C15 fiable, offrant de solides performances avec une faible consommation de carburant. Les principales caract\u00e9ristiques de la Cat 374 2023 sont les suivantes : - Ann\u00e9e du mod\u00e8le : 2023 - Poids en ordre de marche : 74 tonnes - Moteur : Cat C15, haut rendement - Capacit\u00e9 du godet : 4,4 m\u00b3 - Syst\u00e8me Cat Grade avanc\u00e9 pour un travail de pr\u00e9cision - Fl\u00e8che, bras et train de roulement renforc\u00e9s pour une longue dur\u00e9e de vie En tant que pelle haut de gamme Caterpillar, la 2023 374 offre la durabilit\u00e9 et les performances dont vous avez besoin pour les travaux difficiles. Si vous \u00eates \u00e0 la recherche d'une excavatrice Caterpillar 374 2023 fiable \u00e0 vendre, contactez-nous pour obtenir des d\u00e9tails et des prix.<\/p>","protected":false},"featured_media":1672,"comment_status":"open","ping_status":"closed","template":"","meta":{"_acf_changed":false},"product_brand":[34],"product_cat":[32],"product_tag":[],"class_list":{"0":"post-1686","1":"product","2":"type-product","3":"status-publish","4":"has-post-thumbnail","6":"product_brand-caterpillar","7":"product_cat-32","9":"first","10":"instock","11":"shipping-taxable","12":"product-type-simple"},"acf":[],"_links":{"self":[{"href":"https:\/\/jinweimach.com\/fr\/wp-json\/wp\/v2\/product\/1686","targetHints":{"allow":["GET"]}}],"collection":[{"href":"https:\/\/jinweimach.com\/fr\/wp-json\/wp\/v2\/product"}],"about":[{"href":"https:\/\/jinweimach.com\/fr\/wp-json\/wp\/v2\/types\/product"}],"replies":[{"embeddable":true,"href":"https:\/\/jinweimach.com\/fr\/wp-json\/wp\/v2\/comments?post=1686"}],"wp:featuredmedia":[{"embeddable":true,"href":"https:\/\/jinweimach.com\/fr\/wp-json\/wp\/v2\/media\/1672"}],"wp:attachment":[{"href":"https:\/\/jinweimach.com\/fr\/wp-json\/wp\/v2\/media?parent=1686"}],"wp:term":[{"taxonomy":"product_brand","embeddable":true,"href":"https:\/\/jinweimach.com\/fr\/wp-json\/wp\/v2\/product_brand?post=1686"},{"taxonomy":"product_cat","embeddable":true,"href":"https:\/\/jinweimach.com\/fr\/wp-json\/wp\/v2\/product_cat?post=1686"},{"taxonomy":"product_tag","embeddable":true,"href":"https:\/\/jinweimach.com\/fr\/wp-json\/wp\/v2\/product_tag?post=1686"}],"curies":[{"name":"wp","href":"https:\/\/api.w.org\/{rel}","templated":true}]}}