{"id":1790,"date":"2026-04-23T10:05:44","date_gmt":"2026-04-23T10:05:44","guid":{"rendered":"https:\/\/jinweimach.com\/?post_type=product&#038;p=1790"},"modified":"2026-04-26T08:40:50","modified_gmt":"2026-04-26T08:40:50","slug":"used-2022-cat-395-for-sale-low-hours-excellent-mechanical-condition","status":"publish","type":"product","link":"https:\/\/jinweimach.com\/es\/producto\/used-2022-cat-395-for-sale-low-hours-excellent-mechanical-condition\/","title":{"rendered":"Usado 2022 Cat 395 para la venta - Horas bajas - Excelente estado mec\u00e1nico"},"content":{"rendered":"<p data-path-to-node=\"6\"><b data-path-to-node=\"6\" data-index-in-node=\"0\">[Operational Status]<\/b> This <b data-path-to-node=\"6\" data-index-in-node=\"26\">2022 unit<\/b> remains in peak operating condition, specifically designed for high-volume production in mining and large-scale infrastructure. The equipment has undergone rigorous inspections to ensure structural and mechanical integrity.<\/p>\n<p data-path-to-node=\"7\"><b data-path-to-node=\"7\" data-index-in-node=\"0\">[Unmatched Productivity]<\/b> Powered by the <b data-path-to-node=\"7\" data-index-in-node=\"40\">405 kW Cat C18 engine<\/b>, the Cat 395 offers a <b data-path-to-node=\"7\" data-index-in-node=\"84\">10% increase in swing torque<\/b> and stick force compared to previous models. This 94-ton excavator is engineered to move more material in less time with superior fuel efficiency per ton.<\/p>\n<p data-path-to-node=\"8\"><b data-path-to-node=\"8\" data-index-in-node=\"0\">[Heavy-Duty Durability]<\/b> Features a massive, reinforced boom and specialized heavy-duty undercarriage to withstand extreme stress in rock and quarry applications. The <b data-path-to-node=\"8\" data-index-in-node=\"166\">Next-Gen technology<\/b> suite\u2014including <b data-path-to-node=\"8\" data-index-in-node=\"202\">Cat Payload<\/b> and <b data-path-to-node=\"8\" data-index-in-node=\"218\">Grade with 2D<\/b>\u2014comes standard to optimize job site precision and safety.<\/p>\n","protected":false},"excerpt":{"rendered":"<p><b data-path-to-node=\"6\" data-index-in-node=\"0\">2022 Caterpillar 395 Gran Excavadora Minera<\/b> Como referencia para la clase de 90 toneladas, el <b data-path-to-node=\"6\" data-index-in-node=\"85\">Cat 395<\/b> est\u00e1 dise\u00f1ada para grandes vol\u00famenes de producci\u00f3n en miner\u00eda y proyectos de movimiento de tierras a gran escala. Impulsada por el <b data-path-to-node=\"6\" data-index-in-node=\"197\">Motor Cat C18 de 405 kW<\/b>, Esta unidad proporciona un aumento de 10% en el par de giro y la fuerza de excavaci\u00f3n en comparaci\u00f3n con los modelos anteriores. Este <b data-path-to-node=\"6\" data-index-in-node=\"322\">2022 unidad<\/b> est\u00e1 en perfectas condiciones, con plumas reforzadas y un tren de rodaje de alta resistencia. Integrada con <b data-path-to-node=\"6\" data-index-in-node=\"429\">Carga \u00fatil Cat<\/b> y <b data-path-to-node=\"6\" data-index-in-node=\"445\">Tecnolog\u00eda 2D Grade<\/b>, garantiza la m\u00e1xima durabilidad en entornos extremos, al tiempo que mejora significativamente la precisi\u00f3n operativa y el retorno de la inversi\u00f3n.<\/p>","protected":false},"featured_media":1786,"comment_status":"open","ping_status":"closed","template":"","meta":{"_acf_changed":false},"product_brand":[34],"product_cat":[26],"product_tag":[],"class_list":{"0":"post-1790","1":"product","2":"type-product","3":"status-publish","4":"has-post-thumbnail","6":"product_brand-caterpillar","7":"product_cat-26","9":"first","10":"instock","11":"shipping-taxable","12":"product-type-simple"},"acf":[],"_links":{"self":[{"href":"https:\/\/jinweimach.com\/es\/wp-json\/wp\/v2\/product\/1790","targetHints":{"allow":["GET"]}}],"collection":[{"href":"https:\/\/jinweimach.com\/es\/wp-json\/wp\/v2\/product"}],"about":[{"href":"https:\/\/jinweimach.com\/es\/wp-json\/wp\/v2\/types\/product"}],"replies":[{"embeddable":true,"href":"https:\/\/jinweimach.com\/es\/wp-json\/wp\/v2\/comments?post=1790"}],"wp:featuredmedia":[{"embeddable":true,"href":"https:\/\/jinweimach.com\/es\/wp-json\/wp\/v2\/media\/1786"}],"wp:attachment":[{"href":"https:\/\/jinweimach.com\/es\/wp-json\/wp\/v2\/media?parent=1790"}],"wp:term":[{"taxonomy":"product_brand","embeddable":true,"href":"https:\/\/jinweimach.com\/es\/wp-json\/wp\/v2\/product_brand?post=1790"},{"taxonomy":"product_cat","embeddable":true,"href":"https:\/\/jinweimach.com\/es\/wp-json\/wp\/v2\/product_cat?post=1790"},{"taxonomy":"product_tag","embeddable":true,"href":"https:\/\/jinweimach.com\/es\/wp-json\/wp\/v2\/product_tag?post=1790"}],"curies":[{"name":"wp","href":"https:\/\/api.w.org\/{rel}","templated":true}]}}