{"id":1686,"date":"2026-04-23T06:42:24","date_gmt":"2026-04-23T06:42:24","guid":{"rendered":"https:\/\/jinweimach.com\/?post_type=product&#038;p=1686"},"modified":"2026-04-23T06:59:23","modified_gmt":"2026-04-23T06:59:23","slug":"2023-caterpillar-374-excavator-cat-374-hydraulic-excavator-for-sale","status":"publish","type":"product","link":"https:\/\/jinweimach.com\/es\/producto\/2023-caterpillar-374-excavator-cat-374-hydraulic-excavator-for-sale\/","title":{"rendered":"2023 Caterpillar 374 Excavadora | Cat 374 Excavadora Hidr\u00e1ulica para la Venta"},"content":{"rendered":"<p>2023 Caterpillar 374 excavator: heavy-duty, fuel-efficient Cat 374 hydraulic excavator for quarrying &amp; construction. High performance, ready for work, competitive price.<\/p>","protected":false},"excerpt":{"rendered":"<p>Excavadora Caterpillar 374 2023 Esta excavadora Caterpillar 374 2023 es una m\u00e1quina hidr\u00e1ulica de servicio pesado construida para proyectos de construcci\u00f3n, canteras y miner\u00eda a gran escala. La Cat 374 est\u00e1 propulsada por un fiable motor Cat C15, que ofrece un gran rendimiento con un bajo consumo de combustible. Las caracter\u00edsticas principales de la Cat 374 2023 incluyen: - A\u00f1o del modelo: 2023 - Peso operativo: 74 toneladas - Motor: Cat C15, alta eficiencia - Capacidad de la cuchara: 4,4 m\u00b3 - Avanzado sistema Cat Grade para trabajos de precisi\u00f3n - Pluma, balanc\u00edn y tren de rodaje reforzados para una larga vida \u00fatil Como excavadora Caterpillar de primera calidad, la 2023 374 ofrece la durabilidad y el rendimiento que necesita para los trabajos m\u00e1s duros. Si usted est\u00e1 buscando una excavadora confiable 2023 Caterpillar 374 para la venta, p\u00f3ngase en contacto con nosotros para m\u00e1s detalles y precios.<\/p>","protected":false},"featured_media":1672,"comment_status":"open","ping_status":"closed","template":"","meta":{"_acf_changed":false},"product_brand":[34],"product_cat":[32],"product_tag":[],"class_list":{"0":"post-1686","1":"product","2":"type-product","3":"status-publish","4":"has-post-thumbnail","6":"product_brand-caterpillar","7":"product_cat-32","9":"first","10":"instock","11":"shipping-taxable","12":"product-type-simple"},"acf":[],"_links":{"self":[{"href":"https:\/\/jinweimach.com\/es\/wp-json\/wp\/v2\/product\/1686","targetHints":{"allow":["GET"]}}],"collection":[{"href":"https:\/\/jinweimach.com\/es\/wp-json\/wp\/v2\/product"}],"about":[{"href":"https:\/\/jinweimach.com\/es\/wp-json\/wp\/v2\/types\/product"}],"replies":[{"embeddable":true,"href":"https:\/\/jinweimach.com\/es\/wp-json\/wp\/v2\/comments?post=1686"}],"wp:featuredmedia":[{"embeddable":true,"href":"https:\/\/jinweimach.com\/es\/wp-json\/wp\/v2\/media\/1672"}],"wp:attachment":[{"href":"https:\/\/jinweimach.com\/es\/wp-json\/wp\/v2\/media?parent=1686"}],"wp:term":[{"taxonomy":"product_brand","embeddable":true,"href":"https:\/\/jinweimach.com\/es\/wp-json\/wp\/v2\/product_brand?post=1686"},{"taxonomy":"product_cat","embeddable":true,"href":"https:\/\/jinweimach.com\/es\/wp-json\/wp\/v2\/product_cat?post=1686"},{"taxonomy":"product_tag","embeddable":true,"href":"https:\/\/jinweimach.com\/es\/wp-json\/wp\/v2\/product_tag?post=1686"}],"curies":[{"name":"wp","href":"https:\/\/api.w.org\/{rel}","templated":true}]}}